{"id":3735,"date":"2024-01-16T23:45:23","date_gmt":"2024-01-16T22:45:23","guid":{"rendered":"https:\/\/www.stokstaartje.nl\/mijn-folkit-blog\/?page_id=3735"},"modified":"2024-01-21T02:40:35","modified_gmt":"2024-01-21T01:40:35","slug":"alma-latina-mokum-folk-19-november-2023","status":"publish","type":"page","link":"https:\/\/www.stokstaartje.nl\/mijn-folkit-blog\/alma-latina-mokum-folk-19-november-2023\/","title":{"rendered":"Alma Latina, Mokum Folk, 19 november 2023"},"content":{"rendered":"<p><a href=\"https:\/\/www.stokstaartje.nl\/mijn-folkit-blog\/wp-content\/uploads\/2024\/01\/vlcsnap-2024-01-21-02h22m24s689.png\"><img loading=\"lazy\" decoding=\"async\" class=\"alignnone size-medium wp-image-3747\" src=\"https:\/\/www.stokstaartje.nl\/mijn-folkit-blog\/wp-content\/uploads\/2024\/01\/vlcsnap-2024-01-21-02h22m24s689-300x169.png\" alt=\"\" width=\"300\" height=\"169\" srcset=\"https:\/\/www.stokstaartje.nl\/mijn-folkit-blog\/wp-content\/uploads\/2024\/01\/vlcsnap-2024-01-21-02h22m24s689-300x169.png 300w, https:\/\/www.stokstaartje.nl\/mijn-folkit-blog\/wp-content\/uploads\/2024\/01\/vlcsnap-2024-01-21-02h22m24s689-1024x576.png 1024w, https:\/\/www.stokstaartje.nl\/mijn-folkit-blog\/wp-content\/uploads\/2024\/01\/vlcsnap-2024-01-21-02h22m24s689-768x432.png 768w, https:\/\/www.stokstaartje.nl\/mijn-folkit-blog\/wp-content\/uploads\/2024\/01\/vlcsnap-2024-01-21-02h22m24s689-1536x864.png 1536w, https:\/\/www.stokstaartje.nl\/mijn-folkit-blog\/wp-content\/uploads\/2024\/01\/vlcsnap-2024-01-21-02h22m24s689-1200x675.png 1200w, https:\/\/www.stokstaartje.nl\/mijn-folkit-blog\/wp-content\/uploads\/2024\/01\/vlcsnap-2024-01-21-02h22m24s689.png 1920w\" sizes=\"auto, (max-width: 300px) 85vw, 300px\" \/><\/a><\/p>\n<ol>\n<li>nube gris<\/li>\n<li>quien ser\u00e1<\/li>\n<li>veinte a\u00f1os<\/li>\n<li>don Juancho Picaflor<\/li>\n<li>choukoun\/ yellow bird<\/li>\n<li>mariposa<\/li>\n<li>panama mwen tombe<\/li>\n<li>Jamaica farewell\/ island in the sun<\/li>\n<li>baila morena<\/li>\n<li>p\u00e1jaro chog\u00fci<\/li>\n<li>barlovento<\/li>\n<\/ol>\n<p>nube gris<br \/>\n\r\n    <div>        \r\n    <video id=\"plyr69e0a499f2fd3\" controls class=\"easy-video-player fp-minimal\">\r\n       <source src=\"https:\/\/www.stokstaartje.nl\/mijn-folkit-blog\/video\/20231119-alma-latina\/AL_01.mp4\" type=\"video\/mp4\" \/>\r\n    <\/video>\r\n    <\/div>    <script>\r\n        const evplayerplyr69e0a499f2fd3 = new Plyr(document.getElementById('plyr69e0a499f2fd3'));\r\n        evplayerplyr69e0a499f2fd3.ratio = '16:9';\r\n        evplayerplyr69e0a499f2fd3.iconUrl = 'https:\/\/www.stokstaartje.nl\/mijn-folkit-blog\/wp-content\/plugins\/easy-video-player\/lib\/plyr.svg';\r\n        evplayerplyr69e0a499f2fd3.blankVideo = 'https:\/\/www.stokstaartje.nl\/mijn-folkit-blog\/wp-content\/plugins\/easy-video-player\/lib\/blank.mp4';  \r\n    <\/script><\/p>\n<hr \/>\n<p>quien ser\u00e1<br \/>\n\r\n    <div>        \r\n    <video id=\"plyr69e0a499f3046\" controls class=\"easy-video-player fp-minimal\">\r\n       <source src=\"https:\/\/www.stokstaartje.nl\/mijn-folkit-blog\/video\/20231119-alma-latina\/AL_02.mp4\" type=\"video\/mp4\" \/>\r\n    <\/video>\r\n    <\/div>    <script>\r\n        const evplayerplyr69e0a499f3046 = new Plyr(document.getElementById('plyr69e0a499f3046'));\r\n        evplayerplyr69e0a499f3046.ratio = '16:9';\r\n        evplayerplyr69e0a499f3046.iconUrl = 'https:\/\/www.stokstaartje.nl\/mijn-folkit-blog\/wp-content\/plugins\/easy-video-player\/lib\/plyr.svg';\r\n        evplayerplyr69e0a499f3046.blankVideo = 'https:\/\/www.stokstaartje.nl\/mijn-folkit-blog\/wp-content\/plugins\/easy-video-player\/lib\/blank.mp4';  \r\n    <\/script><\/p>\n<hr \/>\n<p>veinte a\u00f1os<br \/>\n\r\n    <div>        \r\n    <video id=\"plyr69e0a499f3094\" controls class=\"easy-video-player fp-minimal\">\r\n       <source src=\"https:\/\/www.stokstaartje.nl\/mijn-folkit-blog\/video\/20231119-alma-latina\/AL_03.mp4\" type=\"video\/mp4\" \/>\r\n    <\/video>\r\n    <\/div>    <script>\r\n        const evplayerplyr69e0a499f3094 = new Plyr(document.getElementById('plyr69e0a499f3094'));\r\n        evplayerplyr69e0a499f3094.ratio = '16:9';\r\n        evplayerplyr69e0a499f3094.iconUrl = 'https:\/\/www.stokstaartje.nl\/mijn-folkit-blog\/wp-content\/plugins\/easy-video-player\/lib\/plyr.svg';\r\n        evplayerplyr69e0a499f3094.blankVideo = 'https:\/\/www.stokstaartje.nl\/mijn-folkit-blog\/wp-content\/plugins\/easy-video-player\/lib\/blank.mp4';  \r\n    <\/script><\/p>\n<hr \/>\n<p>don Juancho Picaflor<br \/>\n\r\n    <div>        \r\n    <video id=\"plyr69e0a499f30e1\" controls class=\"easy-video-player fp-minimal\">\r\n       <source src=\"https:\/\/www.stokstaartje.nl\/mijn-folkit-blog\/video\/20231119-alma-latina\/AL_04.mp4\" type=\"video\/mp4\" \/>\r\n    <\/video>\r\n    <\/div>    <script>\r\n        const evplayerplyr69e0a499f30e1 = new Plyr(document.getElementById('plyr69e0a499f30e1'));\r\n        evplayerplyr69e0a499f30e1.ratio = '16:9';\r\n        evplayerplyr69e0a499f30e1.iconUrl = 'https:\/\/www.stokstaartje.nl\/mijn-folkit-blog\/wp-content\/plugins\/easy-video-player\/lib\/plyr.svg';\r\n        evplayerplyr69e0a499f30e1.blankVideo = 'https:\/\/www.stokstaartje.nl\/mijn-folkit-blog\/wp-content\/plugins\/easy-video-player\/lib\/blank.mp4';  \r\n    <\/script><\/p>\n<hr \/>\n<p>choukoun\/ yellow bird<br \/>\n\r\n    <div>        \r\n    <video id=\"plyr69e0a499f312c\" controls class=\"easy-video-player fp-minimal\">\r\n       <source src=\"https:\/\/www.stokstaartje.nl\/mijn-folkit-blog\/video\/20231119-alma-latina\/AL_05.mp4\" type=\"video\/mp4\" \/>\r\n    <\/video>\r\n    <\/div>    <script>\r\n        const evplayerplyr69e0a499f312c = new Plyr(document.getElementById('plyr69e0a499f312c'));\r\n        evplayerplyr69e0a499f312c.ratio = '16:9';\r\n        evplayerplyr69e0a499f312c.iconUrl = 'https:\/\/www.stokstaartje.nl\/mijn-folkit-blog\/wp-content\/plugins\/easy-video-player\/lib\/plyr.svg';\r\n        evplayerplyr69e0a499f312c.blankVideo = 'https:\/\/www.stokstaartje.nl\/mijn-folkit-blog\/wp-content\/plugins\/easy-video-player\/lib\/blank.mp4';  \r\n    <\/script><\/p>\n<hr \/>\n<p>mariposa<br \/>\n\r\n    <div>        \r\n    <video id=\"plyr69e0a499f3175\" controls class=\"easy-video-player fp-minimal\">\r\n       <source src=\"https:\/\/www.stokstaartje.nl\/mijn-folkit-blog\/video\/20231119-alma-latina\/AL_07.mp4\" type=\"video\/mp4\" \/>\r\n    <\/video>\r\n    <\/div>    <script>\r\n        const evplayerplyr69e0a499f3175 = new Plyr(document.getElementById('plyr69e0a499f3175'));\r\n        evplayerplyr69e0a499f3175.ratio = '16:9';\r\n        evplayerplyr69e0a499f3175.iconUrl = 'https:\/\/www.stokstaartje.nl\/mijn-folkit-blog\/wp-content\/plugins\/easy-video-player\/lib\/plyr.svg';\r\n        evplayerplyr69e0a499f3175.blankVideo = 'https:\/\/www.stokstaartje.nl\/mijn-folkit-blog\/wp-content\/plugins\/easy-video-player\/lib\/blank.mp4';  \r\n    <\/script><\/p>\n<hr \/>\n<p>panama mwen tombe<br \/>\n\r\n    <div>        \r\n    <video id=\"plyr69e0a499f31bd\" controls class=\"easy-video-player fp-minimal\">\r\n       <source src=\"https:\/\/www.stokstaartje.nl\/mijn-folkit-blog\/video\/20231119-alma-latina\/AL_09.mp4\" type=\"video\/mp4\" \/>\r\n    <\/video>\r\n    <\/div>    <script>\r\n        const evplayerplyr69e0a499f31bd = new Plyr(document.getElementById('plyr69e0a499f31bd'));\r\n        evplayerplyr69e0a499f31bd.ratio = '16:9';\r\n        evplayerplyr69e0a499f31bd.iconUrl = 'https:\/\/www.stokstaartje.nl\/mijn-folkit-blog\/wp-content\/plugins\/easy-video-player\/lib\/plyr.svg';\r\n        evplayerplyr69e0a499f31bd.blankVideo = 'https:\/\/www.stokstaartje.nl\/mijn-folkit-blog\/wp-content\/plugins\/easy-video-player\/lib\/blank.mp4';  \r\n    <\/script><\/p>\n<hr \/>\n<p>Jamaica farewell\/ island in the sun<br \/>\n\r\n    <div>        \r\n    <video id=\"plyr69e0a499f3205\" controls class=\"easy-video-player fp-minimal\">\r\n       <source src=\"https:\/\/www.stokstaartje.nl\/mijn-folkit-blog\/video\/20231119-alma-latina\/AL_10.mp4\" type=\"video\/mp4\" \/>\r\n    <\/video>\r\n    <\/div>    <script>\r\n        const evplayerplyr69e0a499f3205 = new Plyr(document.getElementById('plyr69e0a499f3205'));\r\n        evplayerplyr69e0a499f3205.ratio = '16:9';\r\n        evplayerplyr69e0a499f3205.iconUrl = 'https:\/\/www.stokstaartje.nl\/mijn-folkit-blog\/wp-content\/plugins\/easy-video-player\/lib\/plyr.svg';\r\n        evplayerplyr69e0a499f3205.blankVideo = 'https:\/\/www.stokstaartje.nl\/mijn-folkit-blog\/wp-content\/plugins\/easy-video-player\/lib\/blank.mp4';  \r\n    <\/script><\/p>\n<hr \/>\n<p>baila morena<br \/>\n\r\n    <div>        \r\n    <video id=\"plyr69e0a499f324d\" controls class=\"easy-video-player fp-minimal\">\r\n       <source src=\"https:\/\/www.stokstaartje.nl\/mijn-folkit-blog\/video\/20231119-alma-latina\/AL_11.mp4\" type=\"video\/mp4\" \/>\r\n    <\/video>\r\n    <\/div>    <script>\r\n        const evplayerplyr69e0a499f324d = new Plyr(document.getElementById('plyr69e0a499f324d'));\r\n        evplayerplyr69e0a499f324d.ratio = '16:9';\r\n        evplayerplyr69e0a499f324d.iconUrl = 'https:\/\/www.stokstaartje.nl\/mijn-folkit-blog\/wp-content\/plugins\/easy-video-player\/lib\/plyr.svg';\r\n        evplayerplyr69e0a499f324d.blankVideo = 'https:\/\/www.stokstaartje.nl\/mijn-folkit-blog\/wp-content\/plugins\/easy-video-player\/lib\/blank.mp4';  \r\n    <\/script><\/p>\n<hr \/>\n<p>p\u00e1jaro chog\u00fci<br \/>\n\r\n    <div>        \r\n    <video id=\"plyr69e0a499f3294\" controls class=\"easy-video-player fp-minimal\">\r\n       <source src=\"https:\/\/www.stokstaartje.nl\/mijn-folkit-blog\/video\/20231119-alma-latina\/AL_12.mp4\" type=\"video\/mp4\" \/>\r\n    <\/video>\r\n    <\/div>    <script>\r\n        const evplayerplyr69e0a499f3294 = new Plyr(document.getElementById('plyr69e0a499f3294'));\r\n        evplayerplyr69e0a499f3294.ratio = '16:9';\r\n        evplayerplyr69e0a499f3294.iconUrl = 'https:\/\/www.stokstaartje.nl\/mijn-folkit-blog\/wp-content\/plugins\/easy-video-player\/lib\/plyr.svg';\r\n        evplayerplyr69e0a499f3294.blankVideo = 'https:\/\/www.stokstaartje.nl\/mijn-folkit-blog\/wp-content\/plugins\/easy-video-player\/lib\/blank.mp4';  \r\n    <\/script><\/p>\n<hr \/>\n<p>barlovento<br \/>\n\r\n    <div>        \r\n    <video id=\"plyr69e0a499f32db\" controls class=\"easy-video-player fp-minimal\">\r\n       <source src=\"https:\/\/www.stokstaartje.nl\/mijn-folkit-blog\/video\/20231119-alma-latina\/AL_13.mp4\" type=\"video\/mp4\" \/>\r\n    <\/video>\r\n    <\/div>    <script>\r\n        const evplayerplyr69e0a499f32db = new Plyr(document.getElementById('plyr69e0a499f32db'));\r\n        evplayerplyr69e0a499f32db.ratio = '16:9';\r\n        evplayerplyr69e0a499f32db.iconUrl = 'https:\/\/www.stokstaartje.nl\/mijn-folkit-blog\/wp-content\/plugins\/easy-video-player\/lib\/plyr.svg';\r\n        evplayerplyr69e0a499f32db.blankVideo = 'https:\/\/www.stokstaartje.nl\/mijn-folkit-blog\/wp-content\/plugins\/easy-video-player\/lib\/blank.mp4';  \r\n    <\/script><\/p>\n","protected":false},"excerpt":{"rendered":"<p>nube gris quien ser\u00e1 veinte a\u00f1os don Juancho Picaflor choukoun\/ yellow bird mariposa panama mwen tombe Jamaica farewell\/ island in the sun baila morena p\u00e1jaro chog\u00fci barlovento nube gris quien ser\u00e1 veinte a\u00f1os don Juancho Picaflor choukoun\/ yellow bird mariposa panama mwen tombe Jamaica farewell\/ island in the sun baila morena p\u00e1jaro chog\u00fci barlovento<\/p>\n","protected":false},"author":1,"featured_media":0,"parent":0,"menu_order":0,"comment_status":"closed","ping_status":"closed","template":"","meta":{"footnotes":""},"class_list":["post-3735","page","type-page","status-publish","hentry"],"_links":{"self":[{"href":"https:\/\/www.stokstaartje.nl\/mijn-folkit-blog\/wp-json\/wp\/v2\/pages\/3735","targetHints":{"allow":["GET"]}}],"collection":[{"href":"https:\/\/www.stokstaartje.nl\/mijn-folkit-blog\/wp-json\/wp\/v2\/pages"}],"about":[{"href":"https:\/\/www.stokstaartje.nl\/mijn-folkit-blog\/wp-json\/wp\/v2\/types\/page"}],"author":[{"embeddable":true,"href":"https:\/\/www.stokstaartje.nl\/mijn-folkit-blog\/wp-json\/wp\/v2\/users\/1"}],"replies":[{"embeddable":true,"href":"https:\/\/www.stokstaartje.nl\/mijn-folkit-blog\/wp-json\/wp\/v2\/comments?post=3735"}],"version-history":[{"count":5,"href":"https:\/\/www.stokstaartje.nl\/mijn-folkit-blog\/wp-json\/wp\/v2\/pages\/3735\/revisions"}],"predecessor-version":[{"id":3752,"href":"https:\/\/www.stokstaartje.nl\/mijn-folkit-blog\/wp-json\/wp\/v2\/pages\/3735\/revisions\/3752"}],"wp:attachment":[{"href":"https:\/\/www.stokstaartje.nl\/mijn-folkit-blog\/wp-json\/wp\/v2\/media?parent=3735"}],"curies":[{"name":"wp","href":"https:\/\/api.w.org\/{rel}","templated":true}]}}