{"id":2333,"date":"2020-03-29T17:06:15","date_gmt":"2020-03-29T15:06:15","guid":{"rendered":"https:\/\/www.stokstaartje.nl\/mijn-folkit-blog\/?page_id=2333"},"modified":"2020-03-29T18:12:24","modified_gmt":"2020-03-29T16:12:24","slug":"zadar-15-december-2019-mokum-folk","status":"publish","type":"page","link":"https:\/\/www.stokstaartje.nl\/mijn-folkit-blog\/zadar-15-december-2019-mokum-folk\/","title":{"rendered":"Zadar, 15 december 2019, Mokum Folk"},"content":{"rendered":"<p><img loading=\"lazy\" decoding=\"async\" class=\"alignnone wp-image-2378 size-full\" src=\"https:\/\/www.stokstaartje.nl\/mijn-folkit-blog\/wp-content\/uploads\/2020\/03\/vlcsnap-2020-03-29-18h06m19s287.jpg\" alt=\"zadar\" width=\"1024\" height=\"576\" srcset=\"https:\/\/www.stokstaartje.nl\/mijn-folkit-blog\/wp-content\/uploads\/2020\/03\/vlcsnap-2020-03-29-18h06m19s287.jpg 1024w, https:\/\/www.stokstaartje.nl\/mijn-folkit-blog\/wp-content\/uploads\/2020\/03\/vlcsnap-2020-03-29-18h06m19s287-300x169.jpg 300w, https:\/\/www.stokstaartje.nl\/mijn-folkit-blog\/wp-content\/uploads\/2020\/03\/vlcsnap-2020-03-29-18h06m19s287-768x432.jpg 768w\" sizes=\"auto, (max-width: 709px) 85vw, (max-width: 909px) 67vw, (max-width: 1362px) 62vw, 840px\" \/><br \/>\n<a href=\"https:\/\/www.stokstaartje.nl\/mijn-folkit-blog\/zadar-15-december-2019-mokum-folk-pagina-1\/\">pagina 1<\/a><br \/>\nSafete Dilbere (Bosni\u00eb), Ljepi Li Su Mostarski Ducani (Bosni\u00eb), Kucevacko Kolo (Servi\u00eb)<\/p>\n<hr \/>\n<p><a href=\"https:\/\/www.stokstaartje.nl\/mijn-folkit-blog\/zadar-15-december-2019-mokum-folk-pagina-2\/\">pagina 2<\/a><br \/>\nParamithi Ksechasmeno (Griekenland), Santa Maria (Griekenland), Rupcensko Horo (Bulgarije)<\/p>\n<hr \/>\n<p><a href=\"https:\/\/www.stokstaartje.nl\/mijn-folkit-blog\/zadar-15-december-2019-mokum-folk-pagina-3\/\">pagina 3<\/a><br \/>\nKunja Kuje Brate Sulejmane (Bosni\u00eb), Lelita Floare (Roemeni\u00eb), Trenule Masina Mica (Roemeni\u00eb)<\/p>\n<hr \/>\n<p><a href=\"https:\/\/www.stokstaartje.nl\/mijn-folkit-blog\/zadar-15-december-2019-mokum-folk-pagina-4\/\">pagina 4<\/a><br \/>\nMaj Neicuta(Roemeni\u00eb), Lele cu Barbat Urat (Roemeni\u00eb), Lipovacko Kolo (Servi\u00eb)<\/p>\n<hr \/>\n<p><a href=\"https:\/\/www.stokstaartje.nl\/mijn-folkit-blog\/zadar-15-december-2019-mokum-folk-pagina-5\/\">pagina 5<\/a><br \/>\nTurtullesh(Albani\u00eb), Mahala (Roemeni\u00eb), Rozsinkes mit Mandeln<\/p>\n<hr \/>\n<p><a href=\"https:\/\/www.stokstaartje.nl\/mijn-folkit-blog\/zadar-15-december-2019-mokum-folk-pagina-6\/\">pagina 6<\/a><br \/>\nJoske (Jiddisch Oost-Europees), Fetter Max Bulgar (Jiddisch Oost-Europees)<\/p>\n","protected":false},"excerpt":{"rendered":"<p>pagina 1 Safete Dilbere (Bosni\u00eb), Ljepi Li Su Mostarski Ducani (Bosni\u00eb), Kucevacko Kolo (Servi\u00eb) pagina 2 Paramithi Ksechasmeno (Griekenland), Santa Maria (Griekenland), Rupcensko Horo (Bulgarije) pagina 3 Kunja Kuje Brate Sulejmane (Bosni\u00eb), Lelita Floare (Roemeni\u00eb), Trenule Masina Mica (Roemeni\u00eb) pagina 4 Maj Neicuta(Roemeni\u00eb), Lele cu Barbat Urat (Roemeni\u00eb), Lipovacko Kolo (Servi\u00eb) pagina 5 Turtullesh(Albani\u00eb), Mahala &hellip; <a href=\"https:\/\/www.stokstaartje.nl\/mijn-folkit-blog\/zadar-15-december-2019-mokum-folk\/\" class=\"more-link\">Lees verder <span class=\"screen-reader-text\">&#8220;Zadar, 15 december 2019, Mokum Folk&#8221;<\/span><\/a><\/p>\n","protected":false},"author":1,"featured_media":0,"parent":0,"menu_order":0,"comment_status":"closed","ping_status":"closed","template":"","meta":{"footnotes":""},"class_list":["post-2333","page","type-page","status-publish","hentry"],"_links":{"self":[{"href":"https:\/\/www.stokstaartje.nl\/mijn-folkit-blog\/wp-json\/wp\/v2\/pages\/2333","targetHints":{"allow":["GET"]}}],"collection":[{"href":"https:\/\/www.stokstaartje.nl\/mijn-folkit-blog\/wp-json\/wp\/v2\/pages"}],"about":[{"href":"https:\/\/www.stokstaartje.nl\/mijn-folkit-blog\/wp-json\/wp\/v2\/types\/page"}],"author":[{"embeddable":true,"href":"https:\/\/www.stokstaartje.nl\/mijn-folkit-blog\/wp-json\/wp\/v2\/users\/1"}],"replies":[{"embeddable":true,"href":"https:\/\/www.stokstaartje.nl\/mijn-folkit-blog\/wp-json\/wp\/v2\/comments?post=2333"}],"version-history":[{"count":6,"href":"https:\/\/www.stokstaartje.nl\/mijn-folkit-blog\/wp-json\/wp\/v2\/pages\/2333\/revisions"}],"predecessor-version":[{"id":2337,"href":"https:\/\/www.stokstaartje.nl\/mijn-folkit-blog\/wp-json\/wp\/v2\/pages\/2333\/revisions\/2337"}],"wp:attachment":[{"href":"https:\/\/www.stokstaartje.nl\/mijn-folkit-blog\/wp-json\/wp\/v2\/media?parent=2333"}],"curies":[{"name":"wp","href":"https:\/\/api.w.org\/{rel}","templated":true}]}}