{"id":2185,"date":"2020-01-28T00:26:16","date_gmt":"2020-01-27T23:26:16","guid":{"rendered":"https:\/\/www.stokstaartje.nl\/mijn-folkit-blog\/?page_id=2185"},"modified":"2020-03-29T15:12:02","modified_gmt":"2020-03-29T13:12:02","slug":"zadar-15-december-2019-mokum-folk-pagina-1","status":"publish","type":"page","link":"https:\/\/www.stokstaartje.nl\/mijn-folkit-blog\/zadar-15-december-2019-mokum-folk-pagina-1\/","title":{"rendered":"Zadar, 15 december 2019, Mokum Folk, pagina 1"},"content":{"rendered":"<p style=\"text-align: center;\"><a href=\"https:\/\/www.stokstaartje.nl\/mijn-folkit-blog\/zadar-15-december-2019-mokum-folk-pagina-2\/\">volgende pagina<\/a><\/p>\n<p>Safete Dilbere (Bosni\u00eb)<br \/>\n\r\n    <div>        \r\n    <video id=\"plyr69e0d6e6ac616\" controls class=\"easy-video-player fp-minimal\">\r\n       <source src=\"https:\/\/www.stokstaartje.nl\/mijn-folkit-blog\/video\/20191215-zadar\/20191215-Zadar-A01t.mp4\" type=\"video\/mp4\" \/>\r\n    <\/video>\r\n    <\/div>    <script>\r\n        const evplayerplyr69e0d6e6ac616 = new Plyr(document.getElementById('plyr69e0d6e6ac616'));\r\n        evplayerplyr69e0d6e6ac616.ratio = '16:9';\r\n        evplayerplyr69e0d6e6ac616.iconUrl = 'https:\/\/www.stokstaartje.nl\/mijn-folkit-blog\/wp-content\/plugins\/easy-video-player\/lib\/plyr.svg';\r\n        evplayerplyr69e0d6e6ac616.blankVideo = 'https:\/\/www.stokstaartje.nl\/mijn-folkit-blog\/wp-content\/plugins\/easy-video-player\/lib\/blank.mp4';  \r\n    <\/script><\/p>\n<p>Ljepi Li Su Mostarski Ducani (Bosni\u00eb)<br \/>\n\r\n    <div>        \r\n    <video id=\"plyr69e0d6e6ac682\" controls class=\"easy-video-player fp-minimal\">\r\n       <source src=\"https:\/\/www.stokstaartje.nl\/mijn-folkit-blog\/video\/20191215-zadar\/20191215-Zadar-A02t.mp4\" type=\"video\/mp4\" \/>\r\n    <\/video>\r\n    <\/div>    <script>\r\n        const evplayerplyr69e0d6e6ac682 = new Plyr(document.getElementById('plyr69e0d6e6ac682'));\r\n        evplayerplyr69e0d6e6ac682.ratio = '16:9';\r\n        evplayerplyr69e0d6e6ac682.iconUrl = 'https:\/\/www.stokstaartje.nl\/mijn-folkit-blog\/wp-content\/plugins\/easy-video-player\/lib\/plyr.svg';\r\n        evplayerplyr69e0d6e6ac682.blankVideo = 'https:\/\/www.stokstaartje.nl\/mijn-folkit-blog\/wp-content\/plugins\/easy-video-player\/lib\/blank.mp4';  \r\n    <\/script><\/p>\n<p>Kucevacko Kolo (Servi\u00eb)<br \/>\n\r\n    <div>        \r\n    <video id=\"plyr69e0d6e6ac6d5\" controls class=\"easy-video-player fp-minimal\">\r\n       <source src=\"https:\/\/www.stokstaartje.nl\/mijn-folkit-blog\/video\/20191215-zadar\/20191215-Zadar-A03t.mp4\" type=\"video\/mp4\" \/>\r\n    <\/video>\r\n    <\/div>    <script>\r\n        const evplayerplyr69e0d6e6ac6d5 = new Plyr(document.getElementById('plyr69e0d6e6ac6d5'));\r\n        evplayerplyr69e0d6e6ac6d5.ratio = '16:9';\r\n        evplayerplyr69e0d6e6ac6d5.iconUrl = 'https:\/\/www.stokstaartje.nl\/mijn-folkit-blog\/wp-content\/plugins\/easy-video-player\/lib\/plyr.svg';\r\n        evplayerplyr69e0d6e6ac6d5.blankVideo = 'https:\/\/www.stokstaartje.nl\/mijn-folkit-blog\/wp-content\/plugins\/easy-video-player\/lib\/blank.mp4';  \r\n    <\/script><\/p>\n<p style=\"text-align: center;\"><a href=\"https:\/\/www.stokstaartje.nl\/mijn-folkit-blog\/zadar-15-december-2019-mokum-folk-pagina-2\/\">volgende pagina<\/a><\/p>\n","protected":false},"excerpt":{"rendered":"<p>volgende pagina Safete Dilbere (Bosni\u00eb) Ljepi Li Su Mostarski Ducani (Bosni\u00eb) Kucevacko Kolo (Servi\u00eb) volgende pagina<\/p>\n","protected":false},"author":1,"featured_media":0,"parent":0,"menu_order":0,"comment_status":"closed","ping_status":"closed","template":"","meta":{"footnotes":""},"class_list":["post-2185","page","type-page","status-publish","hentry"],"_links":{"self":[{"href":"https:\/\/www.stokstaartje.nl\/mijn-folkit-blog\/wp-json\/wp\/v2\/pages\/2185","targetHints":{"allow":["GET"]}}],"collection":[{"href":"https:\/\/www.stokstaartje.nl\/mijn-folkit-blog\/wp-json\/wp\/v2\/pages"}],"about":[{"href":"https:\/\/www.stokstaartje.nl\/mijn-folkit-blog\/wp-json\/wp\/v2\/types\/page"}],"author":[{"embeddable":true,"href":"https:\/\/www.stokstaartje.nl\/mijn-folkit-blog\/wp-json\/wp\/v2\/users\/1"}],"replies":[{"embeddable":true,"href":"https:\/\/www.stokstaartje.nl\/mijn-folkit-blog\/wp-json\/wp\/v2\/comments?post=2185"}],"version-history":[{"count":5,"href":"https:\/\/www.stokstaartje.nl\/mijn-folkit-blog\/wp-json\/wp\/v2\/pages\/2185\/revisions"}],"predecessor-version":[{"id":2318,"href":"https:\/\/www.stokstaartje.nl\/mijn-folkit-blog\/wp-json\/wp\/v2\/pages\/2185\/revisions\/2318"}],"wp:attachment":[{"href":"https:\/\/www.stokstaartje.nl\/mijn-folkit-blog\/wp-json\/wp\/v2\/media?parent=2185"}],"curies":[{"name":"wp","href":"https:\/\/api.w.org\/{rel}","templated":true}]}}